{"id":6554,"date":"2023-11-01T20:33:38","date_gmt":"2023-11-02T00:33:38","guid":{"rendered":"https:\/\/www.mwr.ca\/gestion-des-temoins-de-navigation\/"},"modified":"2023-11-02T09:08:52","modified_gmt":"2023-11-02T13:08:52","slug":"gestion-des-temoins-de-navigation","status":"publish","type":"page","link":"https:\/\/www.mwr.ca\/fr\/gestion-des-temoins-de-navigation\/","title":{"rendered":"Gestion des t\u00e9moins de navigation"},"content":{"rendered":"\n<style>\n    a.cky-banner-element {\n        padding: 8px 30px;\n        background: #F8F9FA;\n        color: #858A8F;\n        border: 1px solid #DEE2E6;\n        box-sizing: border-box;\n        border-radius: 2px;\n        cursor: pointer;\n    }\n.page-content-wrap a {color:blue;}\n<\/style>\n<h1 class=\"cookie-policy-h1\">Politique des Cookies<\/h1>\n<p>\n    Date d&rsquo;effet : 02-Nov-2023 <br\/>\n    Derni\u00e8re mise \u00e0 jour : 02-Nov-2023\n<\/p>\n\n<h5>Qu&rsquo;est-ce que les cookies ?<\/h5>\n<div class=\"cookie-policy-p\">\n    <p>Cette politique sur les cookies explique ce que sont les cookies, comment nous les utilisons, les types de cookies que nous utilisons, c&rsquo;est-\u00e0-dire les informations que nous collectons \u00e0 l&rsquo;aide des cookies, comment ces informations sont utilis\u00e9es et comment g\u00e9rer les param\u00e8tres des cookies.<\/p>\n    <p>Les cookies sont de petits fichiers texte utilis\u00e9s pour stocker de petites informations. Ils sont stock\u00e9s sur votre appareil lorsque le site web est charg\u00e9 dans votre navigateur. Ces cookies nous aident \u00e0 faire fonctionner le site web correctement, \u00e0 le rendre plus s\u00fbr, \u00e0 offrir une meilleure exp\u00e9rience utilisateur, \u00e0 comprendre comment le site web fonctionne et \u00e0 analyser ce qui est efficace et ce qui doit \u00eatre am\u00e9lior\u00e9.<\/p>\n<\/div>\n\n<h5>Comment utilisons-nous les cookies ?<\/h5>\n<div class=\"cookie-policy-p\">\n    <p>Comme la plupart des services en ligne, notre site web utilise des cookies propres et des cookies tiers \u00e0 plusieurs fins. Les cookies propres sont principalement n\u00e9cessaires au bon fonctionnement du site web et ils ne collectent aucune de vos donn\u00e9es personnelles identifiables.<\/p>\n    <p>Les cookies tiers utilis\u00e9s sur notre site web servent principalement \u00e0 comprendre comment le site web fonctionne, comment vous interagissez avec notre site web, \u00e0 garantir la s\u00e9curit\u00e9 de nos services, \u00e0 fournir des publicit\u00e9s pertinentes pour vous, et dans l&rsquo;ensemble \u00e0 vous offrir une meilleure et plus efficace exp\u00e9rience utilisateur et \u00e0 acc\u00e9l\u00e9rer vos futures interactions avec notre site web.<\/p>\n<\/div>\n\n<h5>Types de cookies que nous utilisons<\/h5>\n\n<div class=\"cky-audit-table-element\"><\/div>\n\n<h5 style=\"margin-bottom:20px;\">G\u00e9rer les pr\u00e9f\u00e9rences des cookies<\/h5>\n\n<a class=\"cky-banner-element\">Param\u00e8tres des cookies<\/a> <br\/>\n\n<div>\n    <p>Vous pouvez changer vos pr\u00e9f\u00e9rences de cookies \u00e0 tout moment en cliquant sur le bouton ci-dessus. Cela vous permettra de revoir la banni\u00e8re de consentement des cookies et de changer vos pr\u00e9f\u00e9rences ou de retirer votre consentement imm\u00e9diatement.<\/p>\n    <p>De plus, diff\u00e9rents navigateurs offrent diff\u00e9rentes m\u00e9thodes pour bloquer et supprimer les cookies utilis\u00e9s par les sites web. Vous pouvez modifier les param\u00e8tres de votre navigateur pour bloquer\/supprimer les cookies. Ci-dessous, les liens vers les documents d&rsquo;aide pour g\u00e9rer et supprimer les cookies des principaux navigateurs web :<\/p>\n    <p>Chrome: <a href=\"https:\/\/support.google.com\/accounts\/answer\/32050\" target=\"_blank\" rel=\"noopener\">https:\/\/support.google.com\/accounts\/answer\/32050<\/a><\/p>\n    <p>Safari: <a href=\"https:\/\/support.apple.com\/fr-fr\/guide\/safari\/sfri11471\/mac\" target=\"_blank\" rel=\"noopener\">https:\/\/support.apple.com\/fr-fr\/guide\/safari\/sfri11471\/mac<\/a><\/p>\n    <p>Firefox: <a href=\"https:\/\/support.mozilla.org\/fr\/kb\/effacer-les-cookies-pour-supprimer-les-information\" target=\"_blank\" rel=\"noopener\">https:\/\/support.mozilla.org\/fr\/kb\/effacer-les-cookies-pour-supprimer-les-information<\/a><\/p>\n    <p>Internet Explorer: <a href=\"https:\/\/support.microsoft.com\/fr-fr\/topic\/comment-supprimer-les-fichiers-cookie-dans-internet-explorer-bca9446f-d873-78de-77ba-d42645fa52fc\" target=\"_blank\" rel=\"noopener\">https:\/\/support.microsoft.com\/fr-fr\/topic\/comment-supprimer-les-fichiers-cookie-dans-internet-explorer-bca9446f-d873-78de-77ba-d42645fa52fc<\/a><\/p>\n    <p>Si vous utilisez un autre navigateur web, veuillez consulter les documents d&rsquo;aide officiels de votre navigateur.<\/p>\n<\/div>\n\n<p class=\"cookie-policy-p\">\n    Politique des Cookies g\u00e9n\u00e9r\u00e9e par <a target=\"_blank\" href=\"https:\/\/www.cookieyes.com\/?utm_source=CP&#038;utm_medium=footer&#038;utm_campaign=UW\" rel=\"noopener\">CookieYes &#8211; G\u00e9n\u00e9rateur de Politique des Cookies<\/a>.\n<\/p>\n","protected":false},"excerpt":{"rendered":"<p>Politique des Cookies Date d&rsquo;effet : 02-Nov-2023 Derni\u00e8re mise \u00e0 jour : 02-Nov-2023 Qu&rsquo;est-ce que les cookies ? Cette politique sur les cookies explique ce que sont les cookies, comment nous les utilisons, les types de cookies que nous utilisons, c&rsquo;est-\u00e0-dire les informations que nous collectons \u00e0 l&rsquo;aide des cookies, [&hellip;]<\/p>\n","protected":false},"author":19,"featured_media":0,"parent":0,"menu_order":0,"comment_status":"closed","ping_status":"closed","template":"","meta":{"_acf_changed":false,"_monsterinsights_skip_tracking":false,"_monsterinsights_sitenote_active":false,"_monsterinsights_sitenote_note":"","_monsterinsights_sitenote_category":0,"footnotes":""},"class_list":["post-6554","page","type-page","status-publish","hentry"],"acf":[],"yoast_head":"<!-- This site is optimized with the Yoast SEO plugin v27.0 - https:\/\/yoast.com\/product\/yoast-seo-wordpress\/ -->\n<title>Gestion des t\u00e9moins de navigation &#8226; Michael White Realties Inc.<\/title>\n<meta name=\"robots\" content=\"index, follow, max-snippet:-1, max-image-preview:large, max-video-preview:-1\" \/>\n<link rel=\"canonical\" href=\"https:\/\/www.mwr.ca\/fr\/gestion-des-temoins-de-navigation\/\" \/>\n<meta property=\"og:locale\" content=\"fr_FR\" \/>\n<meta property=\"og:type\" content=\"article\" \/>\n<meta property=\"og:title\" content=\"Gestion des t\u00e9moins de navigation &#8226; Michael White Realties Inc.\" \/>\n<meta property=\"og:description\" content=\"Politique des Cookies Date d&rsquo;effet : 02-Nov-2023 Derni\u00e8re mise \u00e0 jour : 02-Nov-2023 Qu&rsquo;est-ce que les cookies ? Cette politique sur les cookies explique ce que sont les cookies, comment nous les utilisons, les types de cookies que nous utilisons, c&rsquo;est-\u00e0-dire les informations que nous collectons \u00e0 l&rsquo;aide des cookies, [&hellip;]\" \/>\n<meta property=\"og:url\" content=\"https:\/\/www.mwr.ca\/fr\/gestion-des-temoins-de-navigation\/\" \/>\n<meta property=\"og:site_name\" content=\"Michael White Realties Inc.\" \/>\n<meta property=\"article:modified_time\" content=\"2023-11-02T13:08:52+00:00\" \/>\n<meta name=\"twitter:card\" content=\"summary_large_image\" \/>\n<meta name=\"twitter:label1\" content=\"Dur\u00e9e de lecture estim\u00e9e\" \/>\n\t<meta name=\"twitter:data1\" content=\"2 minutes\" \/>\n<script type=\"application\/ld+json\" class=\"yoast-schema-graph\">{\"@context\":\"https:\/\/schema.org\",\"@graph\":[{\"@type\":\"WebPage\",\"@id\":\"https:\/\/www.mwr.ca\/fr\/gestion-des-temoins-de-navigation\/\",\"url\":\"https:\/\/www.mwr.ca\/fr\/gestion-des-temoins-de-navigation\/\",\"name\":\"Gestion des t\u00e9moins de navigation &#8226; Michael White Realties Inc.\",\"isPartOf\":{\"@id\":\"https:\/\/www.mwr.ca\/#website\"},\"datePublished\":\"2023-11-02T00:33:38+00:00\",\"dateModified\":\"2023-11-02T13:08:52+00:00\",\"breadcrumb\":{\"@id\":\"https:\/\/www.mwr.ca\/fr\/gestion-des-temoins-de-navigation\/#breadcrumb\"},\"inLanguage\":\"fr-FR\",\"potentialAction\":[{\"@type\":\"ReadAction\",\"target\":[\"https:\/\/www.mwr.ca\/fr\/gestion-des-temoins-de-navigation\/\"]}]},{\"@type\":\"BreadcrumbList\",\"@id\":\"https:\/\/www.mwr.ca\/fr\/gestion-des-temoins-de-navigation\/#breadcrumb\",\"itemListElement\":[{\"@type\":\"ListItem\",\"position\":1,\"name\":\"Home\",\"item\":\"https:\/\/www.mwr.ca\/fr\/\"},{\"@type\":\"ListItem\",\"position\":2,\"name\":\"Gestion des t\u00e9moins de navigation\"}]},{\"@type\":\"WebSite\",\"@id\":\"https:\/\/www.mwr.ca\/#website\",\"url\":\"https:\/\/www.mwr.ca\/\",\"name\":\"Michael White Realties Inc.\",\"description\":\"Montreal commercial real estate brokerage\",\"publisher\":{\"@id\":\"https:\/\/www.mwr.ca\/#organization\"},\"alternateName\":\"MWR.ca\",\"potentialAction\":[{\"@type\":\"SearchAction\",\"target\":{\"@type\":\"EntryPoint\",\"urlTemplate\":\"https:\/\/www.mwr.ca\/?s={search_term_string}\"},\"query-input\":{\"@type\":\"PropertyValueSpecification\",\"valueRequired\":true,\"valueName\":\"search_term_string\"}}],\"inLanguage\":\"fr-FR\"},{\"@type\":\"Organization\",\"@id\":\"https:\/\/www.mwr.ca\/#organization\",\"name\":\"Michael White Realties Inc.\",\"alternateName\":\"MWR.ca\",\"url\":\"https:\/\/www.mwr.ca\/\",\"logo\":{\"@type\":\"ImageObject\",\"inLanguage\":\"fr-FR\",\"@id\":\"https:\/\/www.mwr.ca\/#\/schema\/logo\/image\/\",\"url\":\"https:\/\/www.mwr.ca\/wp-content\/uploads\/2018\/08\/cropped-michael-white-logo-1.png\",\"contentUrl\":\"https:\/\/www.mwr.ca\/wp-content\/uploads\/2018\/08\/cropped-michael-white-logo-1.png\",\"width\":719,\"height\":232,\"caption\":\"Michael White Realties Inc.\"},\"image\":{\"@id\":\"https:\/\/www.mwr.ca\/#\/schema\/logo\/image\/\"},\"sameAs\":[\"https:\/\/www.linkedin.com\/company\/michael-white-realties-inc\/\"]}]}<\/script>\n<!-- \/ Yoast SEO plugin. -->","yoast_head_json":{"title":"Gestion des t\u00e9moins de navigation &#8226; Michael White Realties Inc.","robots":{"index":"index","follow":"follow","max-snippet":"max-snippet:-1","max-image-preview":"max-image-preview:large","max-video-preview":"max-video-preview:-1"},"canonical":"https:\/\/www.mwr.ca\/fr\/gestion-des-temoins-de-navigation\/","og_locale":"fr_FR","og_type":"article","og_title":"Gestion des t\u00e9moins de navigation &#8226; Michael White Realties Inc.","og_description":"Politique des Cookies Date d&rsquo;effet : 02-Nov-2023 Derni\u00e8re mise \u00e0 jour : 02-Nov-2023 Qu&rsquo;est-ce que les cookies ? Cette politique sur les cookies explique ce que sont les cookies, comment nous les utilisons, les types de cookies que nous utilisons, c&rsquo;est-\u00e0-dire les informations que nous collectons \u00e0 l&rsquo;aide des cookies, [&hellip;]","og_url":"https:\/\/www.mwr.ca\/fr\/gestion-des-temoins-de-navigation\/","og_site_name":"Michael White Realties Inc.","article_modified_time":"2023-11-02T13:08:52+00:00","twitter_card":"summary_large_image","twitter_misc":{"Dur\u00e9e de lecture estim\u00e9e":"2 minutes"},"schema":{"@context":"https:\/\/schema.org","@graph":[{"@type":"WebPage","@id":"https:\/\/www.mwr.ca\/fr\/gestion-des-temoins-de-navigation\/","url":"https:\/\/www.mwr.ca\/fr\/gestion-des-temoins-de-navigation\/","name":"Gestion des t\u00e9moins de navigation &#8226; Michael White Realties Inc.","isPartOf":{"@id":"https:\/\/www.mwr.ca\/#website"},"datePublished":"2023-11-02T00:33:38+00:00","dateModified":"2023-11-02T13:08:52+00:00","breadcrumb":{"@id":"https:\/\/www.mwr.ca\/fr\/gestion-des-temoins-de-navigation\/#breadcrumb"},"inLanguage":"fr-FR","potentialAction":[{"@type":"ReadAction","target":["https:\/\/www.mwr.ca\/fr\/gestion-des-temoins-de-navigation\/"]}]},{"@type":"BreadcrumbList","@id":"https:\/\/www.mwr.ca\/fr\/gestion-des-temoins-de-navigation\/#breadcrumb","itemListElement":[{"@type":"ListItem","position":1,"name":"Home","item":"https:\/\/www.mwr.ca\/fr\/"},{"@type":"ListItem","position":2,"name":"Gestion des t\u00e9moins de navigation"}]},{"@type":"WebSite","@id":"https:\/\/www.mwr.ca\/#website","url":"https:\/\/www.mwr.ca\/","name":"Michael White Realties Inc.","description":"Montreal commercial real estate brokerage","publisher":{"@id":"https:\/\/www.mwr.ca\/#organization"},"alternateName":"MWR.ca","potentialAction":[{"@type":"SearchAction","target":{"@type":"EntryPoint","urlTemplate":"https:\/\/www.mwr.ca\/?s={search_term_string}"},"query-input":{"@type":"PropertyValueSpecification","valueRequired":true,"valueName":"search_term_string"}}],"inLanguage":"fr-FR"},{"@type":"Organization","@id":"https:\/\/www.mwr.ca\/#organization","name":"Michael White Realties Inc.","alternateName":"MWR.ca","url":"https:\/\/www.mwr.ca\/","logo":{"@type":"ImageObject","inLanguage":"fr-FR","@id":"https:\/\/www.mwr.ca\/#\/schema\/logo\/image\/","url":"https:\/\/www.mwr.ca\/wp-content\/uploads\/2018\/08\/cropped-michael-white-logo-1.png","contentUrl":"https:\/\/www.mwr.ca\/wp-content\/uploads\/2018\/08\/cropped-michael-white-logo-1.png","width":719,"height":232,"caption":"Michael White Realties Inc."},"image":{"@id":"https:\/\/www.mwr.ca\/#\/schema\/logo\/image\/"},"sameAs":["https:\/\/www.linkedin.com\/company\/michael-white-realties-inc\/"]}]}},"_links":{"self":[{"href":"https:\/\/www.mwr.ca\/fr\/wp-json\/wp\/v2\/pages\/6554","targetHints":{"allow":["GET"]}}],"collection":[{"href":"https:\/\/www.mwr.ca\/fr\/wp-json\/wp\/v2\/pages"}],"about":[{"href":"https:\/\/www.mwr.ca\/fr\/wp-json\/wp\/v2\/types\/page"}],"author":[{"embeddable":true,"href":"https:\/\/www.mwr.ca\/fr\/wp-json\/wp\/v2\/users\/19"}],"replies":[{"embeddable":true,"href":"https:\/\/www.mwr.ca\/fr\/wp-json\/wp\/v2\/comments?post=6554"}],"version-history":[{"count":3,"href":"https:\/\/www.mwr.ca\/fr\/wp-json\/wp\/v2\/pages\/6554\/revisions"}],"predecessor-version":[{"id":6562,"href":"https:\/\/www.mwr.ca\/fr\/wp-json\/wp\/v2\/pages\/6554\/revisions\/6562"}],"wp:attachment":[{"href":"https:\/\/www.mwr.ca\/fr\/wp-json\/wp\/v2\/media?parent=6554"}],"curies":[{"name":"wp","href":"https:\/\/api.w.org\/{rel}","templated":true}]}}