{"id":5327,"date":"2022-03-17T16:27:51","date_gmt":"2022-03-17T20:27:51","guid":{"rendered":"https:\/\/www.mwr.ca\/en-vedette\/"},"modified":"2023-01-19T14:52:18","modified_gmt":"2023-01-19T19:52:18","slug":"en-vedette","status":"publish","type":"page","link":"https:\/\/www.mwr.ca\/fr\/en-vedette\/","title":{"rendered":"En vedette"},"content":{"rendered":"\n<figure class=\"wp-block-gallery has-nested-images columns-default is-cropped wp-block-gallery-1 is-layout-flex wp-block-gallery-is-layout-flex\">\n<figure class=\"wp-block-image size-large\"><img decoding=\"async\" data-id=\"5315\" src=\"https:\/\/www.mwr.ca\/wp-content\/uploads\/2022\/03\/Gaston-Dumoulin-10-pic-1920x737.jpg\" alt=\"\" class=\"wp-image-5315\"\/><figcaption class=\"wp-element-caption\"><a href=\"https:\/\/www.mwr.ca\/wp-content\/uploads\/2022\/03\/Gaston-Dumoulin-10-Listing-C-2022-PLC-SF-2.pdf\">10 RUE GASTON DUMOULIN, BLAINVILLE<\/a><\/figcaption><\/figure>\n\n\n\n<figure class=\"wp-block-image size-large\"><img decoding=\"async\" data-id=\"5319\" src=\"https:\/\/www.mwr.ca\/wp-content\/uploads\/2022\/03\/21-33-st-Joseph.jpg\" alt=\"\" class=\"wp-image-5319\"\/><figcaption class=\"wp-element-caption\"><a href=\"https:\/\/www.mwr.ca\/wp-content\/uploads\/2022\/03\/Saint-Joseph-21-to-33-Listing-A-2022-WSFB.pdf\">21-33 BOULEVARD SAINT-JOSEPH, LACHINE<\/a><\/figcaption><\/figure>\n\n\n\n<figure class=\"wp-block-image size-full\"><img decoding=\"async\" data-id=\"6022\" src=\"https:\/\/www.mwr.ca\/wp-content\/uploads\/2023\/01\/8595-Darnley-facade-2.png\" alt=\"\" class=\"wp-image-6022\"\/><figcaption class=\"wp-element-caption\"><a href=\"https:\/\/www.mwr.ca\/wp-content\/uploads\/2022\/06\/Belanger-2635-2637-Listing-F-2022-SWSF-1.pdf\">8595 RUE DARNLEY, MONT-ROYAL<\/a><\/figcaption><\/figure>\n<\/figure>\n\n\n\n<hr class=\"wp-block-separator has-alpha-channel-opacity\"\/>\n\n\n\n<div class=\"wp-block-media-text alignwide is-stacked-on-mobile\"><figure class=\"wp-block-media-text__media\"><img decoding=\"async\" src=\"https:\/\/www.mwr.ca\/wp-content\/uploads\/2022\/03\/Gaston-Dumoulin-10-pic-1920x737.jpg\" alt=\"Fa\u00e7ade avant du b\u00e2timent industriel du 10 Gaston-Dumoulin situ\u00e9 \u00e0 Blaineville, Qu\u00e9bec.\" class=\"wp-image-5315 size-full\"\/><\/figure><div class=\"wp-block-media-text__content\">\n<p><strong>10 Gaston-Dumoulin, Blainville<\/strong><\/p>\n\n\n\n<p>Situ\u00e9 dans la banlieue dynamique de Blainville, \u00e0 Montr\u00e9al, cet immeuble locatif industriel bien entretenu offre un espace de bureau spacieux et luxueux.<\/p>\n\n\n\n<div class=\"wp-block-buttons is-layout-flex wp-block-buttons-is-layout-flex\">\n<div class=\"wp-block-button\"><a class=\"wp-block-button__link wp-element-button\" href=\"https:\/\/www.mwr.ca\/wp-content\/uploads\/2022\/03\/Gaston-Dumoulin-10-Listing-C-2022-PLC-SF-2.pdf\" target=\"_blank\" rel=\"noreferrer noopener\">Brochure<\/a><\/div>\n\n\n\n<div class=\"wp-block-button\"><a class=\"wp-block-button__link wp-element-button\" href=\"https:\/\/www.google.com\/maps\/place\/10+Rue+Gaston-Dumoulin,+Blainville,+QC+J7C+0A3\/@45.6712026,-73.8606835,15z\/data=!4m13!1m7!3m6!1s0x4cc9281e5388470b:0xc5029dff781754e4!2s10+Rue+Gaston-Dumoulin,+Blainville,+QC+J7C+0A3!3b1!8m2!3d45.6712026!4d-73.8519288!3m4!1s0x4cc9281e5388470b:0xc5029dff781754e4!8m2!3d45.6712026!4d-73.8519288\" target=\"_blank\" rel=\"noreferrer noopener\">Carte<\/a><\/div>\n<\/div>\n<\/div><\/div>\n\n\n\n<hr class=\"wp-block-separator has-alpha-channel-opacity\"\/>\n\n\n\n<div class=\"wp-block-media-text alignwide is-stacked-on-mobile\"><figure class=\"wp-block-media-text__media\"><img decoding=\"async\" src=\"https:\/\/www.mwr.ca\/wp-content\/uploads\/2022\/03\/21-33-st-Joseph.jpg\" alt=\"\" class=\"wp-image-5319 size-full\"\/><\/figure><div class=\"wp-block-media-text__content\">\n<p><strong><strong>21-33 Boulevard Saint-Joseph, Lachine<\/strong><\/strong><\/p>\n\n\n\n<p>Cet immeuble industriel \u00e0 locataires multiples \u00e0 vendre est situ\u00e9 au c\u0153ur de la zone industrielle de Lachine et offre un acc\u00e8s facile aux autoroutes et aux commodit\u00e9s.<\/p>\n\n\n\n<div class=\"wp-block-buttons is-layout-flex wp-block-buttons-is-layout-flex\">\n<div class=\"wp-block-button\"><a class=\"wp-block-button__link wp-element-button\" href=\"https:\/\/www.mwr.ca\/wp-content\/uploads\/2022\/03\/Saint-Joseph-21-to-33-Listing-A-2022-WSFB.pdf\" target=\"_blank\" rel=\"noreferrer noopener\">Brochure<\/a><\/div>\n\n\n\n<div class=\"wp-block-button\"><a class=\"wp-block-button__link wp-element-button\" href=\"https:\/\/www.google.com\/maps\/place\/2133+Bd+Saint-Joseph,+Lachine,+QC+H8S+2N7\/data=!4m2!3m1!1s0x4cc91692f8e7420f:0x55dda72590611eac?sa=X&amp;ved=2ahUKEwiF08eEs7v8AhWlk4kEHYB2DPgQ8gF6BAgLEAE\" target=\"_blank\" rel=\"noreferrer noopener\">Carte<\/a><\/div>\n<\/div>\n<\/div><\/div>\n\n\n\n<hr class=\"wp-block-separator has-alpha-channel-opacity\"\/>\n\n\n\n<div class=\"wp-block-media-text alignwide is-stacked-on-mobile\"><figure class=\"wp-block-media-text__media\"><img decoding=\"async\" src=\"https:\/\/www.mwr.ca\/wp-content\/uploads\/2023\/01\/8595-Darnley-facade-1.png\" alt=\"\" class=\"wp-image-6020 size-full\"\/><\/figure><div class=\"wp-block-media-text__content\">\n<p><strong><strong>8595 Rue Darnley, Mont-Royal<\/strong><\/strong><\/p>\n\n\n\n<p>Avec un espace d&rsquo;entrep\u00f4t optimis\u00e9 pour l&rsquo;usage industriel, un grand stationnement et la possibilit\u00e9 d&rsquo;une extension de 41 000 pi. ca., cette propri\u00e9t\u00e9 a encore plus \u00e0 offrir qu&rsquo;il n&rsquo;y para\u00eet.<\/p>\n\n\n\n<div class=\"wp-block-buttons is-layout-flex wp-block-buttons-is-layout-flex\">\n<div class=\"wp-block-button\"><a class=\"wp-block-button__link wp-element-button\" href=\"Toutes propri\u00e9t\u00e9s \u00e0 vendre\" target=\"_blank\" rel=\"noreferrer noopener\">Brochure<\/a><\/div>\n\n\n\n<div class=\"wp-block-button\"><a class=\"wp-block-button__link wp-element-button\" href=\"https:\/\/www.google.com\/maps\/place\/8595+Chem.+Darnley,+Mont-Royal,+QC+H4T+2A4\/@45.4901103,-73.6757411,15z\/data=!4m5!3m4!1s0x4cc917889a78d09b:0x3d7dc50119520d5a!8m2!3d45.4902247!4d-73.6807996\" target=\"_blank\" rel=\"noreferrer noopener\">Carte<\/a><\/div>\n<\/div>\n<\/div><\/div>\n\n\n\n<hr class=\"wp-block-separator has-alpha-channel-opacity\"\/>\n\n\n\n<div class=\"wp-block-buttons is-content-justification-center is-layout-flex wp-container-core-buttons-is-layout-16018d1d wp-block-buttons-is-layout-flex\">\n<div class=\"wp-block-button\"><a class=\"wp-block-button__link wp-element-button\" href=\"https:\/\/www.mwr.ca\/fr\/inscriptions\/?epath=%2Flistings%2Fb%2Ff270qyteb3%2Ff2hf4pqkm9%2Ffor-lease%3Fs%255Bclose_reasons%255D%255B%255D%3D\" target=\"_blank\" rel=\"noreferrer noopener\">Toutes propri\u00e9t\u00e9s \u00e0 louer<\/a><\/div>\n\n\n\n<div class=\"wp-block-button\"><a class=\"wp-block-button__link wp-element-button\" href=\"https:\/\/www.mwr.ca\/fr\/inscriptions\/?epath=%2Flistings%2Fb%2Fccd2f01fhy%2Fdrm45c5xbk%2Ffor-sale%3Fs%255Bclose_reasons%255D%255B%255D%3D\">Toutes propri\u00e9t\u00e9s \u00e0 vendre<\/a><\/div>\n<\/div>\n\n\n\n<hr class=\"wp-block-separator has-alpha-channel-opacity is-style-wide\"\/>\n","protected":false},"excerpt":{"rendered":"","protected":false},"author":2,"featured_media":0,"parent":0,"menu_order":0,"comment_status":"closed","ping_status":"closed","template":"","meta":{"_acf_changed":false,"_monsterinsights_skip_tracking":false,"_monsterinsights_sitenote_active":false,"_monsterinsights_sitenote_note":"","_monsterinsights_sitenote_category":0,"footnotes":""},"class_list":["post-5327","page","type-page","status-publish","hentry"],"acf":[],"yoast_head":"<!-- This site is optimized with the Yoast SEO plugin v27.0 - https:\/\/yoast.com\/product\/yoast-seo-wordpress\/ -->\n<title>En vedette &#8226; Michael White Realties Inc.<\/title>\n<meta name=\"robots\" content=\"index, follow, max-snippet:-1, max-image-preview:large, max-video-preview:-1\" \/>\n<link rel=\"canonical\" href=\"https:\/\/www.mwr.ca\/fr\/en-vedette\/\" \/>\n<meta property=\"og:locale\" content=\"fr_FR\" \/>\n<meta property=\"og:type\" content=\"article\" \/>\n<meta property=\"og:title\" content=\"En vedette &#8226; Michael White Realties Inc.\" \/>\n<meta property=\"og:url\" content=\"https:\/\/www.mwr.ca\/fr\/en-vedette\/\" \/>\n<meta property=\"og:site_name\" content=\"Michael White Realties Inc.\" \/>\n<meta property=\"article:modified_time\" content=\"2023-01-19T19:52:18+00:00\" \/>\n<meta property=\"og:image\" content=\"https:\/\/www.mwr.ca\/wp-content\/uploads\/2022\/03\/Gaston-Dumoulin-10-pic-1920x737.jpg\" \/>\n<meta name=\"twitter:card\" content=\"summary_large_image\" \/>\n<meta name=\"twitter:label1\" content=\"Dur\u00e9e de lecture estim\u00e9e\" \/>\n\t<meta name=\"twitter:data1\" content=\"2 minutes\" \/>\n<script type=\"application\/ld+json\" class=\"yoast-schema-graph\">{\"@context\":\"https:\/\/schema.org\",\"@graph\":[{\"@type\":\"WebPage\",\"@id\":\"https:\/\/www.mwr.ca\/fr\/en-vedette\/\",\"url\":\"https:\/\/www.mwr.ca\/fr\/en-vedette\/\",\"name\":\"En vedette &#8226; Michael White Realties Inc.\",\"isPartOf\":{\"@id\":\"https:\/\/www.mwr.ca\/#website\"},\"primaryImageOfPage\":{\"@id\":\"https:\/\/www.mwr.ca\/fr\/en-vedette\/#primaryimage\"},\"image\":{\"@id\":\"https:\/\/www.mwr.ca\/fr\/en-vedette\/#primaryimage\"},\"thumbnailUrl\":\"https:\/\/www.mwr.ca\/wp-content\/uploads\/2022\/03\/Gaston-Dumoulin-10-pic-1920x737.jpg\",\"datePublished\":\"2022-03-17T20:27:51+00:00\",\"dateModified\":\"2023-01-19T19:52:18+00:00\",\"breadcrumb\":{\"@id\":\"https:\/\/www.mwr.ca\/fr\/en-vedette\/#breadcrumb\"},\"inLanguage\":\"fr-FR\",\"potentialAction\":[{\"@type\":\"ReadAction\",\"target\":[\"https:\/\/www.mwr.ca\/fr\/en-vedette\/\"]}]},{\"@type\":\"ImageObject\",\"inLanguage\":\"fr-FR\",\"@id\":\"https:\/\/www.mwr.ca\/fr\/en-vedette\/#primaryimage\",\"url\":\"https:\/\/www.mwr.ca\/wp-content\/uploads\/2022\/03\/Gaston-Dumoulin-10-pic-1920x737.jpg\",\"contentUrl\":\"https:\/\/www.mwr.ca\/wp-content\/uploads\/2022\/03\/Gaston-Dumoulin-10-pic-1920x737.jpg\"},{\"@type\":\"BreadcrumbList\",\"@id\":\"https:\/\/www.mwr.ca\/fr\/en-vedette\/#breadcrumb\",\"itemListElement\":[{\"@type\":\"ListItem\",\"position\":1,\"name\":\"Home\",\"item\":\"https:\/\/www.mwr.ca\/fr\/\"},{\"@type\":\"ListItem\",\"position\":2,\"name\":\"En vedette\"}]},{\"@type\":\"WebSite\",\"@id\":\"https:\/\/www.mwr.ca\/#website\",\"url\":\"https:\/\/www.mwr.ca\/\",\"name\":\"Michael White Realties Inc.\",\"description\":\"Montreal commercial real estate brokerage\",\"publisher\":{\"@id\":\"https:\/\/www.mwr.ca\/#organization\"},\"alternateName\":\"MWR.ca\",\"potentialAction\":[{\"@type\":\"SearchAction\",\"target\":{\"@type\":\"EntryPoint\",\"urlTemplate\":\"https:\/\/www.mwr.ca\/?s={search_term_string}\"},\"query-input\":{\"@type\":\"PropertyValueSpecification\",\"valueRequired\":true,\"valueName\":\"search_term_string\"}}],\"inLanguage\":\"fr-FR\"},{\"@type\":\"Organization\",\"@id\":\"https:\/\/www.mwr.ca\/#organization\",\"name\":\"Michael White Realties Inc.\",\"alternateName\":\"MWR.ca\",\"url\":\"https:\/\/www.mwr.ca\/\",\"logo\":{\"@type\":\"ImageObject\",\"inLanguage\":\"fr-FR\",\"@id\":\"https:\/\/www.mwr.ca\/#\/schema\/logo\/image\/\",\"url\":\"https:\/\/www.mwr.ca\/wp-content\/uploads\/2018\/08\/cropped-michael-white-logo-1.png\",\"contentUrl\":\"https:\/\/www.mwr.ca\/wp-content\/uploads\/2018\/08\/cropped-michael-white-logo-1.png\",\"width\":719,\"height\":232,\"caption\":\"Michael White Realties Inc.\"},\"image\":{\"@id\":\"https:\/\/www.mwr.ca\/#\/schema\/logo\/image\/\"},\"sameAs\":[\"https:\/\/www.linkedin.com\/company\/michael-white-realties-inc\/\"]}]}<\/script>\n<!-- \/ Yoast SEO plugin. -->","yoast_head_json":{"title":"En vedette &#8226; Michael White Realties Inc.","robots":{"index":"index","follow":"follow","max-snippet":"max-snippet:-1","max-image-preview":"max-image-preview:large","max-video-preview":"max-video-preview:-1"},"canonical":"https:\/\/www.mwr.ca\/fr\/en-vedette\/","og_locale":"fr_FR","og_type":"article","og_title":"En vedette &#8226; Michael White Realties Inc.","og_url":"https:\/\/www.mwr.ca\/fr\/en-vedette\/","og_site_name":"Michael White Realties Inc.","article_modified_time":"2023-01-19T19:52:18+00:00","og_image":[{"url":"https:\/\/www.mwr.ca\/wp-content\/uploads\/2022\/03\/Gaston-Dumoulin-10-pic-1920x737.jpg","type":"","width":"","height":""}],"twitter_card":"summary_large_image","twitter_misc":{"Dur\u00e9e de lecture estim\u00e9e":"2 minutes"},"schema":{"@context":"https:\/\/schema.org","@graph":[{"@type":"WebPage","@id":"https:\/\/www.mwr.ca\/fr\/en-vedette\/","url":"https:\/\/www.mwr.ca\/fr\/en-vedette\/","name":"En vedette &#8226; Michael White Realties Inc.","isPartOf":{"@id":"https:\/\/www.mwr.ca\/#website"},"primaryImageOfPage":{"@id":"https:\/\/www.mwr.ca\/fr\/en-vedette\/#primaryimage"},"image":{"@id":"https:\/\/www.mwr.ca\/fr\/en-vedette\/#primaryimage"},"thumbnailUrl":"https:\/\/www.mwr.ca\/wp-content\/uploads\/2022\/03\/Gaston-Dumoulin-10-pic-1920x737.jpg","datePublished":"2022-03-17T20:27:51+00:00","dateModified":"2023-01-19T19:52:18+00:00","breadcrumb":{"@id":"https:\/\/www.mwr.ca\/fr\/en-vedette\/#breadcrumb"},"inLanguage":"fr-FR","potentialAction":[{"@type":"ReadAction","target":["https:\/\/www.mwr.ca\/fr\/en-vedette\/"]}]},{"@type":"ImageObject","inLanguage":"fr-FR","@id":"https:\/\/www.mwr.ca\/fr\/en-vedette\/#primaryimage","url":"https:\/\/www.mwr.ca\/wp-content\/uploads\/2022\/03\/Gaston-Dumoulin-10-pic-1920x737.jpg","contentUrl":"https:\/\/www.mwr.ca\/wp-content\/uploads\/2022\/03\/Gaston-Dumoulin-10-pic-1920x737.jpg"},{"@type":"BreadcrumbList","@id":"https:\/\/www.mwr.ca\/fr\/en-vedette\/#breadcrumb","itemListElement":[{"@type":"ListItem","position":1,"name":"Home","item":"https:\/\/www.mwr.ca\/fr\/"},{"@type":"ListItem","position":2,"name":"En vedette"}]},{"@type":"WebSite","@id":"https:\/\/www.mwr.ca\/#website","url":"https:\/\/www.mwr.ca\/","name":"Michael White Realties Inc.","description":"Montreal commercial real estate brokerage","publisher":{"@id":"https:\/\/www.mwr.ca\/#organization"},"alternateName":"MWR.ca","potentialAction":[{"@type":"SearchAction","target":{"@type":"EntryPoint","urlTemplate":"https:\/\/www.mwr.ca\/?s={search_term_string}"},"query-input":{"@type":"PropertyValueSpecification","valueRequired":true,"valueName":"search_term_string"}}],"inLanguage":"fr-FR"},{"@type":"Organization","@id":"https:\/\/www.mwr.ca\/#organization","name":"Michael White Realties Inc.","alternateName":"MWR.ca","url":"https:\/\/www.mwr.ca\/","logo":{"@type":"ImageObject","inLanguage":"fr-FR","@id":"https:\/\/www.mwr.ca\/#\/schema\/logo\/image\/","url":"https:\/\/www.mwr.ca\/wp-content\/uploads\/2018\/08\/cropped-michael-white-logo-1.png","contentUrl":"https:\/\/www.mwr.ca\/wp-content\/uploads\/2018\/08\/cropped-michael-white-logo-1.png","width":719,"height":232,"caption":"Michael White Realties Inc."},"image":{"@id":"https:\/\/www.mwr.ca\/#\/schema\/logo\/image\/"},"sameAs":["https:\/\/www.linkedin.com\/company\/michael-white-realties-inc\/"]}]}},"_links":{"self":[{"href":"https:\/\/www.mwr.ca\/fr\/wp-json\/wp\/v2\/pages\/5327","targetHints":{"allow":["GET"]}}],"collection":[{"href":"https:\/\/www.mwr.ca\/fr\/wp-json\/wp\/v2\/pages"}],"about":[{"href":"https:\/\/www.mwr.ca\/fr\/wp-json\/wp\/v2\/types\/page"}],"author":[{"embeddable":true,"href":"https:\/\/www.mwr.ca\/fr\/wp-json\/wp\/v2\/users\/2"}],"replies":[{"embeddable":true,"href":"https:\/\/www.mwr.ca\/fr\/wp-json\/wp\/v2\/comments?post=5327"}],"version-history":[{"count":19,"href":"https:\/\/www.mwr.ca\/fr\/wp-json\/wp\/v2\/pages\/5327\/revisions"}],"predecessor-version":[{"id":6089,"href":"https:\/\/www.mwr.ca\/fr\/wp-json\/wp\/v2\/pages\/5327\/revisions\/6089"}],"wp:attachment":[{"href":"https:\/\/www.mwr.ca\/fr\/wp-json\/wp\/v2\/media?parent=5327"}],"curies":[{"name":"wp","href":"https:\/\/api.w.org\/{rel}","templated":true}]}}