{"id":278,"date":"2018-09-24T08:37:19","date_gmt":"2018-09-24T12:37:19","guid":{"rendered":"https:\/\/www.mwr.ca:8888\/nous-joindre\/"},"modified":"2020-05-06T16:05:15","modified_gmt":"2020-05-06T20:05:15","slug":"nous-joindre","status":"publish","type":"page","link":"https:\/\/www.mwr.ca\/fr\/nous-joindre\/","title":{"rendered":"Nous joindre"},"content":{"rendered":"<h1>Joindre Michael White Realties Inc.<\/h1>\n<p><img loading=\"lazy\" decoding=\"async\" width=\"1000\" height=\"664\" src=\"https:\/\/www.mwr.ca\/wp-content\/uploads\/2018\/08\/micheal-white-realties-home-building.jpg\" alt=\"\" srcset=\"https:\/\/www.mwr.ca\/wp-content\/uploads\/2018\/08\/micheal-white-realties-home-building.jpg 1000w, https:\/\/www.mwr.ca\/wp-content\/uploads\/2018\/08\/micheal-white-realties-home-building-300x199.jpg 300w, https:\/\/www.mwr.ca\/wp-content\/uploads\/2018\/08\/micheal-white-realties-home-building-768x510.jpg 768w, https:\/\/www.mwr.ca\/wp-content\/uploads\/2018\/08\/micheal-white-realties-home-building-360x240.jpg 360w\" sizes=\"auto, (max-width: 1000px) 100vw, 1000px\"><\/p>\n<p>6800 ch. de la C\u00f4te-de-Liesse, Suite 101<br \/>\nSaint-Laurent, QC H4T 2A7<br \/>\nT\u00e9l: 514-488-5111<br \/>\nFax: 514-483-6294&nbsp;<\/p>\n<p><strong>Envoy\u00e9 nous un message<\/strong><br \/>\n<div class=\"wpforms-container wpforms-container-full\" id=\"wpforms-533\"><form id=\"wpforms-form-533\" class=\"wpforms-validate wpforms-form\" data-formid=\"533\" method=\"post\" enctype=\"multipart\/form-data\" action=\"\/fr\/wp-json\/wp\/v2\/pages\/278\" data-token=\"a508ac6831fb47578631306ac3cdbf31\" data-token-time=\"1778838496\"><noscript class=\"wpforms-error-noscript\">Veuillez activer JavaScript dans votre navigateur pour remplir ce formulaire.<\/noscript><div class=\"wpforms-field-container\"><div id=\"wpforms-533-field_0-container\" class=\"wpforms-field wpforms-field-name\" data-field-id=\"0\"><label class=\"wpforms-field-label\">Nom <span class=\"wpforms-required-label\">*<\/span><\/label><div class=\"wpforms-field-row wpforms-field-medium\"><div class=\"wpforms-field-row-block wpforms-first wpforms-one-half\"><input type=\"text\" id=\"wpforms-533-field_0\" class=\"wpforms-field-name-first wpforms-field-required\" name=\"wpforms[fields][0][first]\" required><label for=\"wpforms-533-field_0\" class=\"wpforms-field-sublabel after\">Pr\u00e9nom<\/label><\/div><div class=\"wpforms-field-row-block wpforms-one-half\"><input type=\"text\" id=\"wpforms-533-field_0-last\" class=\"wpforms-field-name-last wpforms-field-required\" name=\"wpforms[fields][0][last]\" required><label for=\"wpforms-533-field_0-last\" class=\"wpforms-field-sublabel after\">Nom<\/label><\/div><\/div><\/div><div id=\"wpforms-533-field_1-container\" class=\"wpforms-field wpforms-field-email\" data-field-id=\"1\"><label class=\"wpforms-field-label\" for=\"wpforms-533-field_1\">Courriel <span class=\"wpforms-required-label\">*<\/span><\/label><input type=\"email\" id=\"wpforms-533-field_1\" class=\"wpforms-field-medium wpforms-field-required\" name=\"wpforms[fields][1]\" spellcheck=\"false\" required><\/div><div id=\"wpforms-533-field_3-container\" class=\"wpforms-field wpforms-field-text\" data-field-id=\"3\"><label class=\"wpforms-field-label\" for=\"wpforms-533-field_3\">T\u00e9l\u00e9phone<\/label><input type=\"text\" id=\"wpforms-533-field_3\" class=\"wpforms-field-medium\" name=\"wpforms[fields][3]\" ><\/div><div id=\"wpforms-533-field_2-container\" class=\"wpforms-field wpforms-field-textarea\" data-field-id=\"2\"><label class=\"wpforms-field-label\" for=\"wpforms-533-field_2\">Message <span class=\"wpforms-required-label\">*<\/span><\/label><textarea id=\"wpforms-533-field_2\" class=\"wpforms-field-medium wpforms-field-required\" name=\"wpforms[fields][2]\" required><\/textarea><\/div><\/div><!-- .wpforms-field-container --><div class=\"wpforms-field wpforms-field-hp\"><label for=\"wpforms-533-field-hp\" class=\"wpforms-field-label\">Phone<\/label><input type=\"text\" name=\"wpforms[hp]\" id=\"wpforms-533-field-hp\" class=\"wpforms-field-medium\"><\/div><div class=\"wpforms-recaptcha-container wpforms-is-recaptcha wpforms-is-recaptcha-type-v3\" ><input type=\"hidden\" name=\"wpforms[recaptcha]\" value=\"\"><\/div><div class=\"wpforms-submit-container\" ><input type=\"hidden\" name=\"wpforms[id]\" value=\"533\"><input type=\"hidden\" name=\"page_title\" value=\"\"><input type=\"hidden\" name=\"page_url\" value=\"https:\/\/www.mwr.ca\/fr\/wp-json\/wp\/v2\/pages\/278\"><input type=\"hidden\" name=\"url_referer\" value=\"\"><button type=\"submit\" name=\"wpforms[submit]\" id=\"wpforms-submit-533\" class=\"wpforms-submit\" data-alt-text=\"En cours....\" data-submit-text=\"Envoyer\" aria-live=\"assertive\" value=\"wpforms-submit\">Envoyer<\/button><\/div><\/form><\/div>  <!-- .wpforms-container --><\/p>\n<p><iframe loading=\"lazy\" src=\"https:\/\/www.google.com\/maps\/embed?pb=!1m18!1m12!1m3!1d2797.376488248182!2d-73.6968518844419!3d45.48236277910119!2m3!1f0!2f0!3f0!3m2!1i1024!2i768!4f13.1!3m3!1m2!1s0x4cc91793a09e2e07%3A0xc0054bee4d010629!2s6800+Chemin+de+la+C%C3%B4te-de-Liesse%2C+Saint-Laurent%2C+QC+H4T+2A7!5e0!3m2!1sen!2sca!4v1530127405468\" width=\"100%\" height=\"400px\" frameborder=\"0\" style=\"border:0\" allowfullscreen=\"\"><\/iframe><br \/>\n<iframe loading=\"lazy\" src=\"https:\/\/www.google.com\/maps\/embed?pb=!4v1535654460791!6m8!1m7!1s-zCn-4Dve4iCtyPKqgrW8g!2m2!1d45.48282005379908!2d-73.69481872002518!3f176.77784134776206!4f-0.4348752949509702!5f0.7820865974627469\" width=\"100%\" height=\"400\" frameborder=\"0\" style=\"border:0\" allowfullscreen=\"\"><\/iframe><\/p>\n","protected":false},"excerpt":{"rendered":"<p>Joindre Michael White Realties Inc. 6800 ch. de la C\u00f4te-de-Liesse, Suite 101 Saint-Laurent, QC H4T 2A7 T\u00e9l: 514-488-5111 Fax: 514-483-6294&nbsp; Envoy\u00e9 nous un message<\/p>\n","protected":false},"author":1,"featured_media":523,"parent":0,"menu_order":0,"comment_status":"closed","ping_status":"closed","template":"","meta":{"_acf_changed":false,"_monsterinsights_skip_tracking":false,"_monsterinsights_sitenote_active":false,"_monsterinsights_sitenote_note":"","_monsterinsights_sitenote_category":0,"footnotes":""},"class_list":["post-278","page","type-page","status-publish","has-post-thumbnail","hentry"],"acf":[],"yoast_head":"<!-- This site is optimized with the Yoast SEO plugin v27.0 - https:\/\/yoast.com\/product\/yoast-seo-wordpress\/ -->\n<title>Nous joindre &#8226; Michael White Realties Inc.<\/title>\n<meta name=\"robots\" content=\"index, follow, max-snippet:-1, max-image-preview:large, max-video-preview:-1\" \/>\n<link rel=\"canonical\" href=\"https:\/\/www.mwr.ca\/fr\/nous-joindre\/\" \/>\n<meta property=\"og:locale\" content=\"fr_FR\" \/>\n<meta property=\"og:type\" content=\"article\" \/>\n<meta property=\"og:title\" content=\"Nous joindre &#8226; Michael White Realties Inc.\" \/>\n<meta property=\"og:description\" content=\"Joindre Michael White Realties Inc. 6800 ch. de la C\u00f4te-de-Liesse, Suite 101 Saint-Laurent, QC H4T 2A7 T\u00e9l: 514-488-5111 Fax: 514-483-6294&nbsp; Envoy\u00e9 nous un message\" \/>\n<meta property=\"og:url\" content=\"https:\/\/www.mwr.ca\/fr\/nous-joindre\/\" \/>\n<meta property=\"og:site_name\" content=\"Michael White Realties Inc.\" \/>\n<meta property=\"article:modified_time\" content=\"2020-05-06T20:05:15+00:00\" \/>\n<meta property=\"og:image\" content=\"https:\/\/www.mwr.ca\/wp-content\/uploads\/2019\/02\/micheal-white-realties.jpg\" \/>\n\t<meta property=\"og:image:width\" content=\"1920\" \/>\n\t<meta property=\"og:image:height\" content=\"1080\" \/>\n\t<meta property=\"og:image:type\" content=\"image\/jpeg\" \/>\n<meta name=\"twitter:card\" content=\"summary_large_image\" \/>\n<script type=\"application\/ld+json\" class=\"yoast-schema-graph\">{\"@context\":\"https:\/\/schema.org\",\"@graph\":[{\"@type\":\"WebPage\",\"@id\":\"https:\/\/www.mwr.ca\/fr\/nous-joindre\/\",\"url\":\"https:\/\/www.mwr.ca\/fr\/nous-joindre\/\",\"name\":\"Nous joindre &#8226; Michael White Realties Inc.\",\"isPartOf\":{\"@id\":\"https:\/\/www.mwr.ca\/#website\"},\"primaryImageOfPage\":{\"@id\":\"https:\/\/www.mwr.ca\/fr\/nous-joindre\/#primaryimage\"},\"image\":{\"@id\":\"https:\/\/www.mwr.ca\/fr\/nous-joindre\/#primaryimage\"},\"thumbnailUrl\":\"https:\/\/www.mwr.ca\/wp-content\/uploads\/2019\/02\/micheal-white-realties.jpg\",\"datePublished\":\"2018-09-24T12:37:19+00:00\",\"dateModified\":\"2020-05-06T20:05:15+00:00\",\"breadcrumb\":{\"@id\":\"https:\/\/www.mwr.ca\/fr\/nous-joindre\/#breadcrumb\"},\"inLanguage\":\"fr-FR\",\"potentialAction\":[{\"@type\":\"ReadAction\",\"target\":[\"https:\/\/www.mwr.ca\/fr\/nous-joindre\/\"]}]},{\"@type\":\"ImageObject\",\"inLanguage\":\"fr-FR\",\"@id\":\"https:\/\/www.mwr.ca\/fr\/nous-joindre\/#primaryimage\",\"url\":\"https:\/\/www.mwr.ca\/wp-content\/uploads\/2019\/02\/micheal-white-realties.jpg\",\"contentUrl\":\"https:\/\/www.mwr.ca\/wp-content\/uploads\/2019\/02\/micheal-white-realties.jpg\",\"width\":1920,\"height\":1080},{\"@type\":\"BreadcrumbList\",\"@id\":\"https:\/\/www.mwr.ca\/fr\/nous-joindre\/#breadcrumb\",\"itemListElement\":[{\"@type\":\"ListItem\",\"position\":1,\"name\":\"Home\",\"item\":\"https:\/\/www.mwr.ca\/fr\/\"},{\"@type\":\"ListItem\",\"position\":2,\"name\":\"Nous joindre\"}]},{\"@type\":\"WebSite\",\"@id\":\"https:\/\/www.mwr.ca\/#website\",\"url\":\"https:\/\/www.mwr.ca\/\",\"name\":\"Michael White Realties Inc.\",\"description\":\"Montreal commercial real estate brokerage\",\"publisher\":{\"@id\":\"https:\/\/www.mwr.ca\/#organization\"},\"alternateName\":\"MWR.ca\",\"potentialAction\":[{\"@type\":\"SearchAction\",\"target\":{\"@type\":\"EntryPoint\",\"urlTemplate\":\"https:\/\/www.mwr.ca\/?s={search_term_string}\"},\"query-input\":{\"@type\":\"PropertyValueSpecification\",\"valueRequired\":true,\"valueName\":\"search_term_string\"}}],\"inLanguage\":\"fr-FR\"},{\"@type\":\"Organization\",\"@id\":\"https:\/\/www.mwr.ca\/#organization\",\"name\":\"Michael White Realties Inc.\",\"alternateName\":\"MWR.ca\",\"url\":\"https:\/\/www.mwr.ca\/\",\"logo\":{\"@type\":\"ImageObject\",\"inLanguage\":\"fr-FR\",\"@id\":\"https:\/\/www.mwr.ca\/#\/schema\/logo\/image\/\",\"url\":\"https:\/\/www.mwr.ca\/wp-content\/uploads\/2018\/08\/cropped-michael-white-logo-1.png\",\"contentUrl\":\"https:\/\/www.mwr.ca\/wp-content\/uploads\/2018\/08\/cropped-michael-white-logo-1.png\",\"width\":719,\"height\":232,\"caption\":\"Michael White Realties Inc.\"},\"image\":{\"@id\":\"https:\/\/www.mwr.ca\/#\/schema\/logo\/image\/\"},\"sameAs\":[\"https:\/\/www.linkedin.com\/company\/michael-white-realties-inc\/\"]}]}<\/script>\n<!-- \/ Yoast SEO plugin. -->","yoast_head_json":{"title":"Nous joindre &#8226; Michael White Realties Inc.","robots":{"index":"index","follow":"follow","max-snippet":"max-snippet:-1","max-image-preview":"max-image-preview:large","max-video-preview":"max-video-preview:-1"},"canonical":"https:\/\/www.mwr.ca\/fr\/nous-joindre\/","og_locale":"fr_FR","og_type":"article","og_title":"Nous joindre &#8226; Michael White Realties Inc.","og_description":"Joindre Michael White Realties Inc. 6800 ch. de la C\u00f4te-de-Liesse, Suite 101 Saint-Laurent, QC H4T 2A7 T\u00e9l: 514-488-5111 Fax: 514-483-6294&nbsp; Envoy\u00e9 nous un message","og_url":"https:\/\/www.mwr.ca\/fr\/nous-joindre\/","og_site_name":"Michael White Realties Inc.","article_modified_time":"2020-05-06T20:05:15+00:00","og_image":[{"width":1920,"height":1080,"url":"https:\/\/www.mwr.ca\/wp-content\/uploads\/2019\/02\/micheal-white-realties.jpg","type":"image\/jpeg"}],"twitter_card":"summary_large_image","schema":{"@context":"https:\/\/schema.org","@graph":[{"@type":"WebPage","@id":"https:\/\/www.mwr.ca\/fr\/nous-joindre\/","url":"https:\/\/www.mwr.ca\/fr\/nous-joindre\/","name":"Nous joindre &#8226; Michael White Realties Inc.","isPartOf":{"@id":"https:\/\/www.mwr.ca\/#website"},"primaryImageOfPage":{"@id":"https:\/\/www.mwr.ca\/fr\/nous-joindre\/#primaryimage"},"image":{"@id":"https:\/\/www.mwr.ca\/fr\/nous-joindre\/#primaryimage"},"thumbnailUrl":"https:\/\/www.mwr.ca\/wp-content\/uploads\/2019\/02\/micheal-white-realties.jpg","datePublished":"2018-09-24T12:37:19+00:00","dateModified":"2020-05-06T20:05:15+00:00","breadcrumb":{"@id":"https:\/\/www.mwr.ca\/fr\/nous-joindre\/#breadcrumb"},"inLanguage":"fr-FR","potentialAction":[{"@type":"ReadAction","target":["https:\/\/www.mwr.ca\/fr\/nous-joindre\/"]}]},{"@type":"ImageObject","inLanguage":"fr-FR","@id":"https:\/\/www.mwr.ca\/fr\/nous-joindre\/#primaryimage","url":"https:\/\/www.mwr.ca\/wp-content\/uploads\/2019\/02\/micheal-white-realties.jpg","contentUrl":"https:\/\/www.mwr.ca\/wp-content\/uploads\/2019\/02\/micheal-white-realties.jpg","width":1920,"height":1080},{"@type":"BreadcrumbList","@id":"https:\/\/www.mwr.ca\/fr\/nous-joindre\/#breadcrumb","itemListElement":[{"@type":"ListItem","position":1,"name":"Home","item":"https:\/\/www.mwr.ca\/fr\/"},{"@type":"ListItem","position":2,"name":"Nous joindre"}]},{"@type":"WebSite","@id":"https:\/\/www.mwr.ca\/#website","url":"https:\/\/www.mwr.ca\/","name":"Michael White Realties Inc.","description":"Montreal commercial real estate brokerage","publisher":{"@id":"https:\/\/www.mwr.ca\/#organization"},"alternateName":"MWR.ca","potentialAction":[{"@type":"SearchAction","target":{"@type":"EntryPoint","urlTemplate":"https:\/\/www.mwr.ca\/?s={search_term_string}"},"query-input":{"@type":"PropertyValueSpecification","valueRequired":true,"valueName":"search_term_string"}}],"inLanguage":"fr-FR"},{"@type":"Organization","@id":"https:\/\/www.mwr.ca\/#organization","name":"Michael White Realties Inc.","alternateName":"MWR.ca","url":"https:\/\/www.mwr.ca\/","logo":{"@type":"ImageObject","inLanguage":"fr-FR","@id":"https:\/\/www.mwr.ca\/#\/schema\/logo\/image\/","url":"https:\/\/www.mwr.ca\/wp-content\/uploads\/2018\/08\/cropped-michael-white-logo-1.png","contentUrl":"https:\/\/www.mwr.ca\/wp-content\/uploads\/2018\/08\/cropped-michael-white-logo-1.png","width":719,"height":232,"caption":"Michael White Realties Inc."},"image":{"@id":"https:\/\/www.mwr.ca\/#\/schema\/logo\/image\/"},"sameAs":["https:\/\/www.linkedin.com\/company\/michael-white-realties-inc\/"]}]}},"_links":{"self":[{"href":"https:\/\/www.mwr.ca\/fr\/wp-json\/wp\/v2\/pages\/278","targetHints":{"allow":["GET"]}}],"collection":[{"href":"https:\/\/www.mwr.ca\/fr\/wp-json\/wp\/v2\/pages"}],"about":[{"href":"https:\/\/www.mwr.ca\/fr\/wp-json\/wp\/v2\/types\/page"}],"author":[{"embeddable":true,"href":"https:\/\/www.mwr.ca\/fr\/wp-json\/wp\/v2\/users\/1"}],"replies":[{"embeddable":true,"href":"https:\/\/www.mwr.ca\/fr\/wp-json\/wp\/v2\/comments?post=278"}],"version-history":[{"count":8,"href":"https:\/\/www.mwr.ca\/fr\/wp-json\/wp\/v2\/pages\/278\/revisions"}],"predecessor-version":[{"id":674,"href":"https:\/\/www.mwr.ca\/fr\/wp-json\/wp\/v2\/pages\/278\/revisions\/674"}],"wp:featuredmedia":[{"embeddable":true,"href":"https:\/\/www.mwr.ca\/fr\/wp-json\/wp\/v2\/media\/523"}],"wp:attachment":[{"href":"https:\/\/www.mwr.ca\/fr\/wp-json\/wp\/v2\/media?parent=278"}],"curies":[{"name":"wp","href":"https:\/\/api.w.org\/{rel}","templated":true}]}}